{"id":1849,"date":"2024-11-13T13:06:27","date_gmt":"2024-11-13T13:06:27","guid":{"rendered":"https:\/\/hotelescuelasancristobal.com\/?page_id=1849"},"modified":"2024-11-28T10:27:22","modified_gmt":"2024-11-28T10:27:22","slug":"localizacion","status":"publish","type":"page","link":"https:\/\/hotelescuelasancristobal.com\/en\/localizacion\/","title":{"rendered":"Location"},"content":{"rendered":"<div data-elementor-type=\"wp-page\" data-elementor-id=\"1849\" class=\"elementor elementor-1849\">\n\t\t\t\t<div class=\"elementor-element elementor-element-9b64f7e e-flex e-con-boxed wpr-jarallax-no wpr-parallax-no wpr-equal-height-no e-con e-parent\" data-id=\"9b64f7e\" data-element_type=\"container\" data-e-type=\"container\" data-settings=\"{&quot;background_background&quot;:&quot;classic&quot;}\">\n\t\t\t\t\t<div class=\"e-con-inner\">\n\t\t\t\t<div class=\"elementor-element elementor-element-84a162f animated-slow elementor-invisible elementor-widget elementor-widget-heading\" data-id=\"84a162f\" data-element_type=\"widget\" data-e-type=\"widget\" data-settings=\"{&quot;_animation&quot;:&quot;zoomIn&quot;}\" data-widget_type=\"heading.default\">\n\t\t\t\t<div class=\"elementor-widget-container\">\n\t\t\t\t\t<h2 class=\"elementor-heading-title elementor-size-default\">Location<\/h2>\t\t\t\t<\/div>\n\t\t\t\t<\/div>\n\t\t\t\t\t<\/div>\n\t\t\t\t<\/div>\n\t\t<div class=\"elementor-element elementor-element-b3b7913 e-flex e-con-boxed wpr-particle-no wpr-jarallax-no wpr-parallax-no wpr-sticky-section-no wpr-equal-height-no e-con e-parent\" data-id=\"b3b7913\" data-element_type=\"container\" data-e-type=\"container\" data-settings=\"{&quot;background_background&quot;:&quot;classic&quot;}\">\n\t\t\t\t\t<div class=\"e-con-inner\">\n\t\t\t\t<div class=\"elementor-element elementor-element-b443e73 animated-slow elementor-invisible elementor-widget elementor-widget-heading\" data-id=\"b443e73\" data-element_type=\"widget\" data-e-type=\"widget\" data-settings=\"{&quot;_animation&quot;:&quot;fadeInDown&quot;}\" data-widget_type=\"heading.default\">\n\t\t\t\t<div class=\"elementor-widget-container\">\n\t\t\t\t\t<h2 class=\"elementor-heading-title elementor-size-default\">Strategic location<\/h2>\t\t\t\t<\/div>\n\t\t\t\t<\/div>\n\t\t\t\t<div class=\"elementor-element elementor-element-e0da5dc animated-slow elementor-invisible elementor-widget elementor-widget-text-editor\" data-id=\"e0da5dc\" data-element_type=\"widget\" data-e-type=\"widget\" data-settings=\"{&quot;_animation&quot;:&quot;fadeInUp&quot;}\" data-widget_type=\"text-editor.default\">\n\t\t\t\t<div class=\"elementor-widget-container\">\n\t\t\t\t\t\t\t\t\t<p>Our family-run hotel is close to two of Valladolid's main business and industrial areas.<\/p>\t\t\t\t\t\t\t\t<\/div>\n\t\t\t\t<\/div>\n\t\t<div class=\"elementor-element elementor-element-06de22a e-grid e-con-full wpr-particle-no wpr-jarallax-no wpr-parallax-no wpr-sticky-section-no wpr-equal-height-no e-con e-child\" data-id=\"06de22a\" data-element_type=\"container\" data-e-type=\"container\">\n\t\t\t\t<div class=\"elementor-element elementor-element-b26383f animated-slow elementor-invisible elementor-widget elementor-widget-image\" data-id=\"b26383f\" data-element_type=\"widget\" data-e-type=\"widget\" data-settings=\"{&quot;_animation&quot;:&quot;fadeInLeft&quot;,&quot;_animation_delay&quot;:400}\" data-widget_type=\"image.default\">\n\t\t\t\t<div class=\"elementor-widget-container\">\n\t\t\t\t\t\t\t\t\t\t\t\t\t\t\t<img fetchpriority=\"high\" decoding=\"async\" width=\"1024\" height=\"682\" src=\"https:\/\/hotelescuelasancristobal.com\/wp-content\/uploads\/2024\/11\/valladolid-catedral-1024x682.jpg\" class=\"elementor-animation-float attachment-large size-large wp-image-1926\" alt=\"\" srcset=\"https:\/\/hotelescuelasancristobal.com\/wp-content\/uploads\/2024\/11\/valladolid-catedral-1024x682.jpg 1024w, https:\/\/hotelescuelasancristobal.com\/wp-content\/uploads\/2024\/11\/valladolid-catedral-300x200.jpg 300w, https:\/\/hotelescuelasancristobal.com\/wp-content\/uploads\/2024\/11\/valladolid-catedral-768x512.jpg 768w, https:\/\/hotelescuelasancristobal.com\/wp-content\/uploads\/2024\/11\/valladolid-catedral.jpg 1280w\" sizes=\"(max-width: 1024px) 100vw, 1024px\" \/>\t\t\t\t\t\t\t\t\t\t\t\t\t\t\t<\/div>\n\t\t\t\t<\/div>\n\t\t\t\t<div class=\"elementor-element elementor-element-d62538c animated-slow elementor-invisible elementor-widget elementor-widget-image\" data-id=\"d62538c\" data-element_type=\"widget\" data-e-type=\"widget\" data-settings=\"{&quot;_animation&quot;:&quot;fadeInRight&quot;,&quot;_animation_delay&quot;:400}\" data-widget_type=\"image.default\">\n\t\t\t\t<div class=\"elementor-widget-container\">\n\t\t\t\t\t\t\t\t\t\t\t\t\t\t\t<img decoding=\"async\" width=\"1024\" height=\"683\" src=\"https:\/\/hotelescuelasancristobal.com\/wp-content\/uploads\/2024\/11\/uvas-1024x683.jpg\" class=\"elementor-animation-float attachment-large size-large wp-image-1927\" alt=\"\" srcset=\"https:\/\/hotelescuelasancristobal.com\/wp-content\/uploads\/2024\/11\/uvas-1024x683.jpg 1024w, https:\/\/hotelescuelasancristobal.com\/wp-content\/uploads\/2024\/11\/uvas-300x200.jpg 300w, https:\/\/hotelescuelasancristobal.com\/wp-content\/uploads\/2024\/11\/uvas-768x512.jpg 768w, https:\/\/hotelescuelasancristobal.com\/wp-content\/uploads\/2024\/11\/uvas.jpg 1380w\" sizes=\"(max-width: 1024px) 100vw, 1024px\" \/>\t\t\t\t\t\t\t\t\t\t\t\t\t\t\t<\/div>\n\t\t\t\t<\/div>\n\t\t\t\t<\/div>\n\t\t\t\t\t<\/div>\n\t\t\t\t<\/div>\n\t\t<div class=\"elementor-element elementor-element-754bcfd e-flex e-con-boxed wpr-particle-no wpr-jarallax-no wpr-parallax-no wpr-sticky-section-no wpr-equal-height-no e-con e-parent\" data-id=\"754bcfd\" data-element_type=\"container\" data-e-type=\"container\" data-settings=\"{&quot;background_background&quot;:&quot;classic&quot;}\">\n\t\t\t\t\t<div class=\"e-con-inner\">\n\t\t\t\t<div class=\"elementor-element elementor-element-249ef06 animated-slow elementor-invisible elementor-widget elementor-widget-heading\" data-id=\"249ef06\" data-element_type=\"widget\" data-e-type=\"widget\" data-settings=\"{&quot;_animation&quot;:&quot;fadeInDown&quot;}\" data-widget_type=\"heading.default\">\n\t\t\t\t<div class=\"elementor-widget-container\">\n\t\t\t\t\t<h2 class=\"elementor-heading-title elementor-size-default\">Points of interest<\/h2>\t\t\t\t<\/div>\n\t\t\t\t<\/div>\n\t\t\t\t<div class=\"elementor-element elementor-element-0e1210f animated-slow elementor-invisible elementor-widget elementor-widget-eael-adv-tabs\" data-id=\"0e1210f\" data-element_type=\"widget\" data-e-type=\"widget\" data-settings=\"{&quot;_animation&quot;:&quot;fadeInUp&quot;,&quot;_animation_delay&quot;:400}\" data-widget_type=\"eael-adv-tabs.default\">\n\t\t\t\t<div class=\"elementor-widget-container\">\n\t\t\t\t\t        <div data-scroll-on-click=\"no\" data-scroll-speed=\"300\" id=\"eael-advance-tabs-0e1210f\" class=\"eael-advance-tabs eael-tabs-horizontal eael-tab-auto-active\" data-tabid=\"0e1210f\">\n            <div class=\"eael-tabs-nav\">\n                <ul class=\"\" role=\"tablist\">\n                                            <li id=\"a-dos-minutos\" class=\"active-default eael-tab-item-trigger eael-tab-nav-item\" aria-selected=\"true\" data-tab=\"1\" role=\"tab\" tabindex=\"0\" aria-controls=\"a-dos-minutos-tab\" aria-expanded=\"false\">\n                            \n                            \n                            \n                                                            <h2 class=\"eael-tab-title title-after-icon\" >Two Minutes Away<\/h2>                                                    <\/li>\n                                            <li id=\"a-cinco-minutos\" class=\"inactive eael-tab-item-trigger eael-tab-nav-item\" aria-selected=\"false\" data-tab=\"2\" role=\"tab\" tabindex=\"-1\" aria-controls=\"a-cinco-minutos-tab\" aria-expanded=\"false\">\n                            \n                            \n                            \n                                                            <h1 class=\"eael-tab-title title-after-icon\" >Five minutes away<\/h1>                                                    <\/li>\n                                            <li id=\"a-diez-minutos\" class=\"inactive eael-tab-item-trigger eael-tab-nav-item\" aria-selected=\"false\" data-tab=\"3\" role=\"tab\" tabindex=\"-1\" aria-controls=\"a-diez-minutos-tab\" aria-expanded=\"false\">\n                            \n                            \n                            \n                                                            <h1 class=\"eael-tab-title title-after-icon\" >Ten minutes away<\/h1>                                                    <\/li>\n                    \n                                  <\/ul>\n            <\/div>\n            \n            <div class=\"eael-tabs-content\">\n\t\t        \n                    <div id=\"a-dos-minutos-tab\" class=\"clearfix eael-tab-content-item active-default\" data-title-link=\"a-dos-minutos-tab\">\n\t\t\t\t        <ul><li>San Crist\u00f3bal Industrial Estate.<\/li><li>La Mora Industrial Estate.<\/li><\/ul>                    <\/div>\n\t\t        \n                    <div id=\"a-cinco-minutos-tab\" class=\"clearfix eael-tab-content-item inactive\" data-title-link=\"a-cinco-minutos-tab\">\n\t\t\t\t        <ul><li style=\"list-style-type: none\"><ul><li>Renault Valladolid Factory.<\/li><li>Argales Industrial Estate.<\/li><li>R\u00edo Ortega University Hospital.<\/li><\/ul><\/li><\/ul>                    <\/div>\n\t\t        \n                    <div id=\"a-diez-minutos-tab\" class=\"clearfix eael-tab-content-item inactive\" data-title-link=\"a-diez-minutos-tab\">\n\t\t\t\t        <ul><li style=\"list-style-type: none\"><ul><li>Historic centre of Valladolid.<\/li><li>Football stadium.<\/li><li>Vallsur Shopping Centre.<\/li><li>Equinoccio Shopping Centre.<\/li><li>RioShopping Shopping Centre \/ Ikea.<\/li><li>Mercaolid.<\/li><li>Valladolid Trade Fair.<\/li><\/ul><\/li><\/ul>                    <\/div>\n\t\t                    <\/div>\n        <\/div>\n\t\t\t\t<\/div>\n\t\t\t\t<\/div>\n\t\t\t\t<div class=\"elementor-element elementor-element-8f31d7d elementor-align-center animated-slow elementor-icon-list--layout-traditional elementor-list-item-link-full_width elementor-invisible elementor-widget elementor-widget-icon-list\" data-id=\"8f31d7d\" data-element_type=\"widget\" data-e-type=\"widget\" data-settings=\"{&quot;_animation&quot;:&quot;fadeInUp&quot;}\" data-widget_type=\"icon-list.default\">\n\t\t\t\t<div class=\"elementor-widget-container\">\n\t\t\t\t\t\t\t<ul class=\"elementor-icon-list-items\">\n\t\t\t\t\t\t\t<li class=\"elementor-icon-list-item\">\n\t\t\t\t\t\t\t\t\t\t\t<span class=\"elementor-icon-list-icon\">\n\t\t\t\t\t\t\t<svg aria-hidden=\"true\" class=\"e-font-icon-svg e-fas-circle\" viewbox=\"0 0 512 512\" xmlns=\"http:\/\/www.w3.org\/2000\/svg\"><path d=\"M256 8C119 8 8 119 8 256s111 248 248 248 248-111 248-248S393 8 256 8z\"><\/path><\/svg>\t\t\t\t\t\t<\/span>\n\t\t\t\t\t\t\t\t\t\t<span class=\"elementor-icon-list-text\">22 minutes from Villanubla Airport (25 km).<\/span>\n\t\t\t\t\t\t\t\t\t<\/li>\n\t\t\t\t\t\t\t\t<li class=\"elementor-icon-list-item\">\n\t\t\t\t\t\t\t\t\t\t\t<span class=\"elementor-icon-list-icon\">\n\t\t\t\t\t\t\t<svg aria-hidden=\"true\" class=\"e-font-icon-svg e-fas-circle\" viewbox=\"0 0 512 512\" xmlns=\"http:\/\/www.w3.org\/2000\/svg\"><path d=\"M256 8C119 8 8 119 8 256s111 248 248 248 248-111 248-248S393 8 256 8z\"><\/path><\/svg>\t\t\t\t\t\t<\/span>\n\t\t\t\t\t\t\t\t\t\t<span class=\"elementor-icon-list-text\">15 minutes from the Ribera del Duero and 35 minutes from the Wine Museum (Pe\u00f1afiel).<\/span>\n\t\t\t\t\t\t\t\t\t<\/li>\n\t\t\t\t\t\t\t\t<li class=\"elementor-icon-list-item\">\n\t\t\t\t\t\t\t\t\t\t\t<span class=\"elementor-icon-list-icon\">\n\t\t\t\t\t\t\t<svg aria-hidden=\"true\" class=\"e-font-icon-svg e-fas-circle\" viewbox=\"0 0 512 512\" xmlns=\"http:\/\/www.w3.org\/2000\/svg\"><path d=\"M256 8C119 8 8 119 8 256s111 248 248 248 248-111 248-248S393 8 256 8z\"><\/path><\/svg>\t\t\t\t\t\t<\/span>\n\t\t\t\t\t\t\t\t\t\t<span class=\"elementor-icon-list-text\">Bus every 30 minutes to Pol\u00edgono San Crist\u00f3bal and Valladolid city centre.<\/span>\n\t\t\t\t\t\t\t\t\t<\/li>\n\t\t\t\t\t\t<\/ul>\n\t\t\t\t\t\t<\/div>\n\t\t\t\t<\/div>\n\t\t\t\t\t<\/div>\n\t\t\t\t<\/div>\n\t\t<div class=\"elementor-element elementor-element-f95dd14 e-con-full e-flex wpr-particle-no wpr-jarallax-no wpr-parallax-no wpr-sticky-section-no wpr-equal-height-no e-con e-parent\" data-id=\"f95dd14\" data-element_type=\"container\" data-e-type=\"container\">\n\t\t\t\t<div class=\"elementor-element elementor-element-956fc0a elementor-widget elementor-widget-google_maps\" data-id=\"956fc0a\" data-element_type=\"widget\" data-e-type=\"widget\" data-widget_type=\"google_maps.default\">\n\t\t\t\t<div class=\"elementor-widget-container\">\n\t\t\t\t\t\t\t<div class=\"elementor-custom-embed\">\n\t\t\t<iframe loading=\"lazy\"\n\t\t\t\t\tsrc=\"https:\/\/maps.google.com\/maps?q=hotel%20escuela%20san%20cristobal&#038;t=m&#038;z=12&#038;output=embed&#038;iwloc=near\"\n\t\t\t\t\ttitle=\"hotel escuela san cristobal\"\n\t\t\t\t\taria-label=\"hotel escuela san cristobal\"\n\t\t\t><\/iframe>\n\t\t<\/div>\n\t\t\t\t\t\t<\/div>\n\t\t\t\t<\/div>\n\t\t\t\t<\/div>\n\t\t\t\t<\/div>","protected":false},"excerpt":{"rendered":"<p>Localizaci\u00f3n Enclave estrat\u00e9gico Nuestro Hotel familiar est\u00e1 pr\u00f3ximo a dos de las principales \u00e1reas empresariales e industriales de Valladolid. Puntos de inter\u00e9s A Dos Minutos A cinco minutos A diez minutos Pol\u00edgono San Crist\u00f3bal. Pol\u00edgono de La Mora. Factor\u00eda Renault Valladolid. Pol\u00edgono Los Argales. Hospital Universitario R\u00edo Ortega. Centro hist\u00f3rico de Valladolid. Estadio de f\u00fatbol. Centro Comercial Vallsur. Centro Comercial Equinoccio. Centro Comercial RioShopping \/ Ikea. Mercaolid. Feria de Muestras de Valladolid. A 22 minutos del Aeropuerto de Villanubla (25 km). A 15 minutos de la Ribera del Duero y a 35 minutos del Museo del Vino (Pe\u00f1afiel) BUS cada 30 minutos al Pol\u00edgono San Crist\u00f3bal y al centro de Valladolid ciudad.<\/p>","protected":false},"author":1,"featured_media":0,"parent":0,"menu_order":0,"comment_status":"closed","ping_status":"closed","template":"","meta":{"_kadence_starter_templates_imported_post":true,"_kad_post_transparent":"default","_kad_post_title":"default","_kad_post_layout":"fullwidth","_kad_post_sidebar_id":"","_kad_post_content_style":"unboxed","_kad_post_vertical_padding":"hide","_kad_post_feature":"hide","_kad_post_feature_position":"","_kad_post_header":false,"_kad_post_footer":false,"_kad_post_classname":"","footnotes":""},"class_list":["post-1849","page","type-page","status-publish","hentry"],"featured_media_urls":[],"_links":{"self":[{"href":"https:\/\/hotelescuelasancristobal.com\/en\/wp-json\/wp\/v2\/pages\/1849","targetHints":{"allow":["GET"]}}],"collection":[{"href":"https:\/\/hotelescuelasancristobal.com\/en\/wp-json\/wp\/v2\/pages"}],"about":[{"href":"https:\/\/hotelescuelasancristobal.com\/en\/wp-json\/wp\/v2\/types\/page"}],"author":[{"embeddable":true,"href":"https:\/\/hotelescuelasancristobal.com\/en\/wp-json\/wp\/v2\/users\/1"}],"replies":[{"embeddable":true,"href":"https:\/\/hotelescuelasancristobal.com\/en\/wp-json\/wp\/v2\/comments?post=1849"}],"version-history":[{"count":40,"href":"https:\/\/hotelescuelasancristobal.com\/en\/wp-json\/wp\/v2\/pages\/1849\/revisions"}],"predecessor-version":[{"id":2169,"href":"https:\/\/hotelescuelasancristobal.com\/en\/wp-json\/wp\/v2\/pages\/1849\/revisions\/2169"}],"wp:attachment":[{"href":"https:\/\/hotelescuelasancristobal.com\/en\/wp-json\/wp\/v2\/media?parent=1849"}],"curies":[{"name":"wp","href":"https:\/\/api.w.org\/{rel}","templated":true}]}}