{"id":1673,"date":"2024-10-16T09:48:30","date_gmt":"2024-10-16T09:48:30","guid":{"rendered":"https:\/\/hotelescuelasancristobal.com\/?page_id=1673"},"modified":"2024-10-16T10:34:19","modified_gmt":"2024-10-16T10:34:19","slug":"aviso-legal","status":"publish","type":"page","link":"https:\/\/hotelescuelasancristobal.com\/en\/aviso-legal\/","title":{"rendered":"Legal Notice"},"content":{"rendered":"<div data-elementor-type=\"wp-page\" data-elementor-id=\"1673\" class=\"elementor elementor-1673\">\n\t\t\t\t<div class=\"elementor-element elementor-element-9b64f7e e-flex e-con-boxed wpr-jarallax-no wpr-parallax-no wpr-equal-height-no e-con e-parent\" data-id=\"9b64f7e\" data-element_type=\"container\" data-e-type=\"container\" data-settings=\"{&quot;background_background&quot;:&quot;classic&quot;}\">\n\t\t\t\t\t<div class=\"e-con-inner\">\n\t\t\t\t<div class=\"elementor-element elementor-element-84a162f animated-slow elementor-invisible elementor-widget elementor-widget-heading\" data-id=\"84a162f\" data-element_type=\"widget\" data-e-type=\"widget\" data-settings=\"{&quot;_animation&quot;:&quot;zoomIn&quot;}\" data-widget_type=\"heading.default\">\n\t\t\t\t<div class=\"elementor-widget-container\">\n\t\t\t\t\t<h2 class=\"elementor-heading-title elementor-size-default\">Legal Notice<\/h2>\t\t\t\t<\/div>\n\t\t\t\t<\/div>\n\t\t\t\t\t<\/div>\n\t\t\t\t<\/div>\n\t\t<div class=\"elementor-element elementor-element-b3b7913 e-flex e-con-boxed wpr-particle-no wpr-jarallax-no wpr-parallax-no wpr-sticky-section-no wpr-equal-height-no e-con e-parent\" data-id=\"b3b7913\" data-element_type=\"container\" data-e-type=\"container\" data-settings=\"{&quot;background_background&quot;:&quot;classic&quot;}\">\n\t\t\t\t\t<div class=\"e-con-inner\">\n\t\t\t\t<div class=\"elementor-element elementor-element-e0da5dc animated-slow elementor-invisible elementor-widget elementor-widget-text-editor\" data-id=\"e0da5dc\" data-element_type=\"widget\" data-e-type=\"widget\" data-settings=\"{&quot;_animation&quot;:&quot;fadeInUp&quot;}\" data-widget_type=\"text-editor.default\">\n\t\t\t\t<div class=\"elementor-widget-container\">\n\t\t\t\t\t\t\t\t\t<p>El presente documento contiene la regulaci\u00f3n del acceso y la utilizaci\u00f3n de la p\u00e1gina web <a href=\"https:\/\/hotelescuelasancristobal.com\/en\/\">https:\/\/hotelescuelasancristobal.com<\/a> (en adelante, la p\u00e1gina web) cuyo titular es CAROAL S.L (en adelante HOTEL ESCUELA SAN CRISTOBAL) con C.I.F.:B47029525 y correo electr\u00f3nico de contacto: hotelsancristobal.v@gmail.com<\/p><p>El nombre de dominio, hotelescuelasancristobal.com est\u00e1 registrado a favor de\u00a0\u00a0HOTEL ESCUELA SAN CRISTOBAL. El domicilio social de\u00a0\u00a0HOTEL ESCUELA SAN CRISTOBAL\u00a0queda establecido, a los efectos de la presente Informaci\u00f3n Legal, en Avda. de Soria 30 , 47193 La Cist\u00e9rniga, Valladolid.<\/p><p>El usuario puede ponerse en contacto con nosotros en los siguientes n\u00fameros y e-mail:<\/p><p>Tel\u00e9fono 983 401 000<br \/>E-mail hotelsancristobal.v@gmail.com<\/p><p>El acceso y\/o utilizaci\u00f3n de la p\u00e1gina web implica la aceptaci\u00f3n y aplicaci\u00f3n de las condiciones a que se refiere el presente documento en el momento de producirse tal acceso y\/o utilizaci\u00f3n.<\/p>\t\t\t\t\t\t\t\t<\/div>\n\t\t\t\t<\/div>\n\t\t\t\t<div class=\"elementor-element elementor-element-b443e73 animated-slow elementor-invisible elementor-widget elementor-widget-heading\" data-id=\"b443e73\" data-element_type=\"widget\" data-e-type=\"widget\" data-settings=\"{&quot;_animation&quot;:&quot;fadeInDown&quot;}\" data-widget_type=\"heading.default\">\n\t\t\t\t<div class=\"elementor-widget-container\">\n\t\t\t\t\t<h2 class=\"elementor-heading-title elementor-size-default\">CONDICIONES GENERALES DE USO DE LOS SITIOS WEB<\/h2>\t\t\t\t<\/div>\n\t\t\t\t<\/div>\n\t\t\t\t<div class=\"elementor-element elementor-element-98e493f animated-slow elementor-invisible elementor-widget elementor-widget-text-editor\" data-id=\"98e493f\" data-element_type=\"widget\" data-e-type=\"widget\" data-settings=\"{&quot;_animation&quot;:&quot;fadeInUp&quot;}\" data-widget_type=\"text-editor.default\">\n\t\t\t\t<div class=\"elementor-widget-container\">\n\t\t\t\t\t\t\t\t\t<p>El acceso y navegaci\u00f3n en este sitio Web implica la expresa y plena aceptaci\u00f3n de las condiciones aqu\u00ed expuestas, sin perjuicio de aquellas particulares que pudieran aplicarse a algunos de los servicios concretos ofrecidos a trav\u00e9s del sitio Web, quedando el usuario informado, y aceptando, que el acceso a la presente web no supone, en modo alguno, el inicio de una relaci\u00f3n comercial con\u00a0\u00a0HOTEL ESCUELA SAN CRISTOBAL.<\/p><p><span style=\"color: var(--global-palette4); font-family: var(--global-body-font-family); letter-spacing: 0em;\">\u00a0<\/span><span style=\"color: var(--global-palette4); font-family: var(--global-body-font-family); letter-spacing: 0em;\">HOTEL ESCUELA SAN CRISTOBAL<\/span>\u00a0se reserva el derecho de modificar en cualquier momento las presentes condiciones de uso as\u00ed como cualesquiera otras condiciones particulares, pudiendo cambiar, suprimir o a\u00f1adir tanto los contenidos y servicios que se presten a trav\u00e9s de la misma como la forma en la que \u00e9stos aparezcan presentados o localizados en sus servidores.<\/p><p>Este sitio web y todo su material pertenecen a\u00a0\u00a0HOTEL ESCUELA SAN CRISTOBAL. Este Sitio o cualquier parte del mismo no se podr\u00e1 reproducir, duplicar, copiar, vender, revender ni explotar para cualquier fin comercial o de otro tipo que no sea expresamente permitido por\u00a0\u00a0HOTEL ESCUELA SAN CRISTOBAL. La modificaci\u00f3n de los materiales o el uso de los mismos para otro fin constituyen una violaci\u00f3n de la ley del Copyright y de otros derechos de marca registrada.<\/p>\t\t\t\t\t\t\t\t<\/div>\n\t\t\t\t<\/div>\n\t\t\t\t<div class=\"elementor-element elementor-element-f461fda animated-slow elementor-invisible elementor-widget elementor-widget-heading\" data-id=\"f461fda\" data-element_type=\"widget\" data-e-type=\"widget\" data-settings=\"{&quot;_animation&quot;:&quot;fadeInDown&quot;}\" data-widget_type=\"heading.default\">\n\t\t\t\t<div class=\"elementor-widget-container\">\n\t\t\t\t\t<h2 class=\"elementor-heading-title elementor-size-default\">RESPONSABILIDAD LIMITADA<\/h2>\t\t\t\t<\/div>\n\t\t\t\t<\/div>\n\t\t\t\t<div class=\"elementor-element elementor-element-5fc7bd1 animated-slow elementor-invisible elementor-widget elementor-widget-text-editor\" data-id=\"5fc7bd1\" data-element_type=\"widget\" data-e-type=\"widget\" data-settings=\"{&quot;_animation&quot;:&quot;fadeInUp&quot;}\" data-widget_type=\"text-editor.default\">\n\t\t\t\t<div class=\"elementor-widget-container\">\n\t\t\t\t\t\t\t\t\t<p><span style=\"color: var(--global-palette4); font-family: var(--global-body-font-family); letter-spacing: 0em;\">HOTEL ESCUELA SAN CRISTOBAL<\/span>\u00a0no se identifica con las opiniones vertidas en el mismo por sus colaboradores.<\/p><p>Bajo ninguna circunstancia HOTEL ESCUELA SAN CRISTOBAL, sus directivos, empleados, socios, proveedores y aliados tecnol\u00f3gicos ser\u00e1n responsables ante terceros por cualquier da\u00f1o directo o indirecto, econ\u00f3mico, p\u00e9rdida de clientela o p\u00e9rdida de ganancias, resultado del uso de este Sitio Web.<\/p>\t\t\t\t\t\t\t\t<\/div>\n\t\t\t\t<\/div>\n\t\t\t\t<div class=\"elementor-element elementor-element-1ac58b1 animated-slow elementor-invisible elementor-widget elementor-widget-heading\" data-id=\"1ac58b1\" data-element_type=\"widget\" data-e-type=\"widget\" data-settings=\"{&quot;_animation&quot;:&quot;fadeInDown&quot;}\" data-widget_type=\"heading.default\">\n\t\t\t\t<div class=\"elementor-widget-container\">\n\t\t\t\t\t<h2 class=\"elementor-heading-title elementor-size-default\">MARCAS<\/h2>\t\t\t\t<\/div>\n\t\t\t\t<\/div>\n\t\t\t\t<div class=\"elementor-element elementor-element-f9a650d animated-slow elementor-invisible elementor-widget elementor-widget-text-editor\" data-id=\"f9a650d\" data-element_type=\"widget\" data-e-type=\"widget\" data-settings=\"{&quot;_animation&quot;:&quot;fadeInUp&quot;}\" data-widget_type=\"text-editor.default\">\n\t\t\t\t<div class=\"elementor-widget-container\">\n\t\t\t\t\t\t\t\t\t<p>Las marcas y logotipos que puedan aparecer en este sitio Web pertenecen a HOTEL ESCUELA SAN CRISTOBAL\u00a0y a terceros y no pueden utilizarse en ning\u00fan tipo de anuncio o de material publicitario relativos a la distribuci\u00f3n de cualquier informaci\u00f3n o contenido extra\u00eddo de esta p\u00e1gina Web sin el previo consentimiento por escrito del propietario legal de la marca.<\/p>\t\t\t\t\t\t\t\t<\/div>\n\t\t\t\t<\/div>\n\t\t\t\t<div class=\"elementor-element elementor-element-363bd3d animated-slow elementor-invisible elementor-widget elementor-widget-heading\" data-id=\"363bd3d\" data-element_type=\"widget\" data-e-type=\"widget\" data-settings=\"{&quot;_animation&quot;:&quot;fadeInDown&quot;}\" data-widget_type=\"heading.default\">\n\t\t\t\t<div class=\"elementor-widget-container\">\n\t\t\t\t\t<h2 class=\"elementor-heading-title elementor-size-default\">INFORMACI\u00d3N Y SU ACTUALIZACI\u00d3N<\/h2>\t\t\t\t<\/div>\n\t\t\t\t<\/div>\n\t\t\t\t<div class=\"elementor-element elementor-element-b582d38 animated-slow elementor-invisible elementor-widget elementor-widget-text-editor\" data-id=\"b582d38\" data-element_type=\"widget\" data-e-type=\"widget\" data-settings=\"{&quot;_animation&quot;:&quot;fadeInUp&quot;}\" data-widget_type=\"text-editor.default\">\n\t\t\t\t<div class=\"elementor-widget-container\">\n\t\t\t\t\t\t\t\t\t<p><span style=\"color: var(--global-palette4); font-family: var(--global-body-font-family); letter-spacing: 0em;\">HOTEL ESCUELA SAN CRISTOBAL<\/span>&nbsp;hace los mayores esfuerzos para asegurar que la informaci\u00f3n que aparece en este Sitio Web sea correcta y se encuentre actualizada. No obstante, no se descartan errores tipogr\u00e1ficos u omisiones, por lo que el usuario no deber\u00e1 considerar exacta la informaci\u00f3n sin comprobar antes tal exactitud directamente con HOTEL ESCUELA SAN CRISTOBAL.<\/p>\n<p><span style=\"color: var(--global-palette4); font-family: var(--global-body-font-family); letter-spacing: 0em;\">HOTEL ESCUELA SAN CRISTOBAL<\/span>&nbsp;no puede controlar el empleo que el usuario da a la informaci\u00f3n y por tanto no ser\u00e1 responsable de ning\u00fan tipo de da\u00f1os o perjuicios, ya sean directos o indirectos, que puedan derivar del empleo de dicha informaci\u00f3n. En ning\u00fan caso resultar\u00e1n afectados los derechos que, como consumidor, puedan corresponder legalmente al cliente de&nbsp;<span style=\"color: var(--global-palette4); font-family: var(--global-body-font-family); letter-spacing: 0em;\">HOTEL ESCUELA SAN CRISTOBAL.<\/span><\/p>\t\t\t\t\t\t\t\t<\/div>\n\t\t\t\t<\/div>\n\t\t\t\t\t<\/div>\n\t\t\t\t<\/div>\n\t\t\t\t<\/div>","protected":false},"excerpt":{"rendered":"<p>Aviso Legal El presente documento contiene la regulaci\u00f3n del acceso y la utilizaci\u00f3n de la p\u00e1gina web https:\/\/hotelescuelasancristobal.com (en adelante, la p\u00e1gina web) cuyo titular es CAROAL S.L (en adelante HOTEL ESCUELA SAN CRISTOBAL) con C.I.F.:B47029525 y correo electr\u00f3nico de contacto: hotelsancristobal.v@gmail.com El nombre de dominio, hotelescuelasancristobal.com est\u00e1 registrado a favor de\u00a0\u00a0HOTEL ESCUELA SAN CRISTOBAL. El domicilio social de\u00a0\u00a0HOTEL ESCUELA SAN CRISTOBAL\u00a0queda establecido, a los efectos de la presente Informaci\u00f3n Legal, en Avda. de Soria 30 , 47193 La Cist\u00e9rniga, Valladolid. El usuario puede ponerse en contacto con nosotros en los siguientes n\u00fameros y e-mail: Tel\u00e9fono 983 401 000E-mail hotelsancristobal.v@gmail.com El acceso y\/o utilizaci\u00f3n de la p\u00e1gina web implica la aceptaci\u00f3n y aplicaci\u00f3n de las condiciones a que se refiere el presente documento en el momento de producirse tal acceso y\/o utilizaci\u00f3n. CONDICIONES GENERALES DE USO DE LOS SITIOS WEB El acceso y navegaci\u00f3n en este sitio Web implica la expresa y plena aceptaci\u00f3n de las condiciones aqu\u00ed expuestas, sin perjuicio de aquellas particulares que pudieran aplicarse a algunos de los servicios concretos ofrecidos a trav\u00e9s del sitio Web, quedando el usuario informado, y aceptando, que el acceso a la presente web no supone, en modo alguno, el inicio de una relaci\u00f3n comercial con\u00a0\u00a0HOTEL ESCUELA SAN CRISTOBAL. \u00a0HOTEL ESCUELA SAN CRISTOBAL\u00a0se reserva el derecho de modificar en cualquier momento las presentes condiciones de uso as\u00ed como cualesquiera otras condiciones particulares, pudiendo cambiar, suprimir o a\u00f1adir tanto los contenidos y servicios que se presten a trav\u00e9s de la misma como la forma en la que \u00e9stos aparezcan presentados o localizados en sus servidores. Este sitio web y todo su material pertenecen a\u00a0\u00a0HOTEL ESCUELA SAN CRISTOBAL. Este Sitio o cualquier parte del mismo no se podr\u00e1 reproducir, duplicar, copiar, vender, revender ni explotar para cualquier fin comercial o de otro tipo que no sea expresamente permitido por\u00a0\u00a0HOTEL ESCUELA SAN CRISTOBAL. La modificaci\u00f3n de los materiales o el uso de los mismos para otro fin constituyen una violaci\u00f3n de la ley del Copyright y de otros derechos de marca registrada. RESPONSABILIDAD LIMITADA HOTEL ESCUELA SAN CRISTOBAL\u00a0no se identifica con las opiniones vertidas en el mismo por sus colaboradores. Bajo ninguna circunstancia HOTEL ESCUELA SAN CRISTOBAL, sus directivos, empleados, socios, proveedores y aliados tecnol\u00f3gicos ser\u00e1n responsables ante terceros por cualquier da\u00f1o directo o indirecto, econ\u00f3mico, p\u00e9rdida de clientela o p\u00e9rdida de ganancias, resultado del uso de este Sitio Web. MARCAS Las marcas y logotipos que puedan aparecer en este sitio Web pertenecen a HOTEL ESCUELA SAN CRISTOBAL\u00a0y a terceros y no pueden utilizarse en ning\u00fan tipo de anuncio o de material publicitario relativos a la distribuci\u00f3n de cualquier informaci\u00f3n o contenido extra\u00eddo de esta p\u00e1gina Web sin el previo consentimiento por escrito del propietario legal de la marca. INFORMACI\u00d3N Y SU ACTUALIZACI\u00d3N HOTEL ESCUELA SAN CRISTOBAL&nbsp;hace los mayores esfuerzos para asegurar que la informaci\u00f3n que aparece en este Sitio Web sea correcta y se encuentre actualizada. No obstante, no se descartan errores tipogr\u00e1ficos u omisiones, por lo que el usuario no deber\u00e1 considerar exacta la informaci\u00f3n sin comprobar antes tal exactitud directamente con HOTEL ESCUELA SAN CRISTOBAL. HOTEL ESCUELA SAN CRISTOBAL&nbsp;no puede controlar el empleo que el usuario da a la informaci\u00f3n y por tanto no ser\u00e1 responsable de ning\u00fan tipo de da\u00f1os o perjuicios, ya sean directos o indirectos, que puedan derivar del empleo de dicha informaci\u00f3n. En ning\u00fan caso resultar\u00e1n afectados los derechos que, como consumidor, puedan corresponder legalmente al cliente de&nbsp;HOTEL ESCUELA SAN CRISTOBAL.<\/p>","protected":false},"author":1,"featured_media":0,"parent":0,"menu_order":0,"comment_status":"closed","ping_status":"closed","template":"","meta":{"_kadence_starter_templates_imported_post":true,"_kad_post_transparent":"default","_kad_post_title":"default","_kad_post_layout":"fullwidth","_kad_post_sidebar_id":"","_kad_post_content_style":"unboxed","_kad_post_vertical_padding":"hide","_kad_post_feature":"hide","_kad_post_feature_position":"","_kad_post_header":false,"_kad_post_footer":false,"_kad_post_classname":"","footnotes":""},"class_list":["post-1673","page","type-page","status-publish","hentry"],"featured_media_urls":[],"_links":{"self":[{"href":"https:\/\/hotelescuelasancristobal.com\/en\/wp-json\/wp\/v2\/pages\/1673","targetHints":{"allow":["GET"]}}],"collection":[{"href":"https:\/\/hotelescuelasancristobal.com\/en\/wp-json\/wp\/v2\/pages"}],"about":[{"href":"https:\/\/hotelescuelasancristobal.com\/en\/wp-json\/wp\/v2\/types\/page"}],"author":[{"embeddable":true,"href":"https:\/\/hotelescuelasancristobal.com\/en\/wp-json\/wp\/v2\/users\/1"}],"replies":[{"embeddable":true,"href":"https:\/\/hotelescuelasancristobal.com\/en\/wp-json\/wp\/v2\/comments?post=1673"}],"version-history":[{"count":19,"href":"https:\/\/hotelescuelasancristobal.com\/en\/wp-json\/wp\/v2\/pages\/1673\/revisions"}],"predecessor-version":[{"id":1694,"href":"https:\/\/hotelescuelasancristobal.com\/en\/wp-json\/wp\/v2\/pages\/1673\/revisions\/1694"}],"wp:attachment":[{"href":"https:\/\/hotelescuelasancristobal.com\/en\/wp-json\/wp\/v2\/media?parent=1673"}],"curies":[{"name":"wp","href":"https:\/\/api.w.org\/{rel}","templated":true}]}}