{"id":1177,"date":"2024-09-26T08:18:10","date_gmt":"2024-09-26T08:18:10","guid":{"rendered":"https:\/\/hotelescuelasancristobal.com\/?page_id=1177"},"modified":"2025-02-10T13:18:47","modified_gmt":"2025-02-10T13:18:47","slug":"nuestra-historia","status":"publish","type":"page","link":"https:\/\/hotelescuelasancristobal.com\/en\/nuestra-historia\/","title":{"rendered":"Our History"},"content":{"rendered":"<div data-elementor-type=\"wp-page\" data-elementor-id=\"1177\" class=\"elementor elementor-1177\">\n\t\t\t\t<div class=\"elementor-element elementor-element-9b64f7e e-flex e-con-boxed wpr-jarallax-no wpr-parallax-no wpr-equal-height-no e-con e-parent\" data-id=\"9b64f7e\" data-element_type=\"container\" data-e-type=\"container\" data-settings=\"{&quot;background_background&quot;:&quot;classic&quot;}\">\n\t\t\t\t\t<div class=\"e-con-inner\">\n\t\t\t\t<div class=\"elementor-element elementor-element-84a162f animated-slow elementor-invisible elementor-widget elementor-widget-heading\" data-id=\"84a162f\" data-element_type=\"widget\" data-e-type=\"widget\" data-settings=\"{&quot;_animation&quot;:&quot;zoomIn&quot;}\" data-widget_type=\"heading.default\">\n\t\t\t\t<div class=\"elementor-widget-container\">\n\t\t\t\t\t<h2 class=\"elementor-heading-title elementor-size-default\">Our History<\/h2>\t\t\t\t<\/div>\n\t\t\t\t<\/div>\n\t\t\t\t<div class=\"elementor-element elementor-element-20625a8 animated-slow elementor-invisible elementor-widget elementor-widget-heading\" data-id=\"20625a8\" data-element_type=\"widget\" data-e-type=\"widget\" data-settings=\"{&quot;_animation&quot;:&quot;zoomIn&quot;}\" data-widget_type=\"heading.default\">\n\t\t\t\t<div class=\"elementor-widget-container\">\n\t\t\t\t\t<h2 class=\"elementor-heading-title elementor-size-default\">We are Hotel, we are School, we are Family<\/h2>\t\t\t\t<\/div>\n\t\t\t\t<\/div>\n\t\t\t\t\t<\/div>\n\t\t\t\t<\/div>\n\t\t<div class=\"elementor-element elementor-element-232074e e-flex e-con-boxed wpr-particle-no wpr-jarallax-no wpr-parallax-no wpr-sticky-section-no wpr-equal-height-no e-con e-parent\" data-id=\"232074e\" data-element_type=\"container\" data-e-type=\"container\" data-settings=\"{&quot;background_background&quot;:&quot;classic&quot;}\">\n\t\t\t\t\t<div class=\"e-con-inner\">\n\t\t\t\t<div class=\"elementor-element elementor-element-f1eac55 animated-slow elementor-invisible elementor-widget elementor-widget-heading\" data-id=\"f1eac55\" data-element_type=\"widget\" data-e-type=\"widget\" data-settings=\"{&quot;_animation&quot;:&quot;fadeInDown&quot;}\" data-widget_type=\"heading.default\">\n\t\t\t\t<div class=\"elementor-widget-container\">\n\t\t\t\t\t<h2 class=\"elementor-heading-title elementor-size-default\">Get to know our history<\/h2>\t\t\t\t<\/div>\n\t\t\t\t<\/div>\n\t\t<div class=\"elementor-element elementor-element-248351e e-grid e-con-full wpr-particle-no wpr-jarallax-no wpr-parallax-no wpr-sticky-section-no wpr-equal-height-no e-con e-child\" data-id=\"248351e\" data-element_type=\"container\" data-e-type=\"container\">\n\t\t<div class=\"elementor-element elementor-element-dc5f7dc e-con-full e-flex wpr-particle-no wpr-jarallax-no wpr-parallax-no wpr-sticky-section-no wpr-equal-height-no e-con e-child\" data-id=\"dc5f7dc\" data-element_type=\"container\" data-e-type=\"container\">\n\t\t\t\t<div class=\"elementor-element elementor-element-25df379 animated-slow elementor-invisible elementor-widget elementor-widget-text-editor\" data-id=\"25df379\" data-element_type=\"widget\" data-e-type=\"widget\" data-settings=\"{&quot;_animation&quot;:&quot;fadeInDown&quot;,&quot;_animation_delay&quot;:400}\" data-widget_type=\"text-editor.default\">\n\t\t\t\t<div class=\"elementor-widget-container\">\n\t\t\t\t\t\t\t\t\t<p>The Hotel Escuela San Crist\u00f3bal (HESC) is an initiative of the institute for innovation, development and social impact (iidis) and led by Tom\u00e1s Aller Floreancig with the aim of <span class=\"ht-titulo-parrafo\">developing <\/span>a training project in work centres that constitutes a source of opportunities for all those people who need to acquire, develop and strengthen their personal, interpersonal and professional skills to be able to commit to their autonomy and their future. As a priority, the mission of the Hotel Escuela San Crist\u00f3bal is oriented towards young people and adolescents in need of protection and people in vulnerable situations.<\/p>\t\t\t\t\t\t\t\t<\/div>\n\t\t\t\t<\/div>\n\t\t\t\t<div class=\"elementor-element elementor-element-7b3bbc1 animated-slow elementor-invisible elementor-widget elementor-widget-text-editor\" data-id=\"7b3bbc1\" data-element_type=\"widget\" data-e-type=\"widget\" data-settings=\"{&quot;_animation&quot;:&quot;fadeInUp&quot;,&quot;_animation_delay&quot;:400}\" data-widget_type=\"text-editor.default\">\n\t\t\t\t<div class=\"elementor-widget-container\">\n\t\t\t\t\t\t\t\t\t<p>From the Hotel Escuela platform we want to provide a training <span class=\"ht-titulo-parrafo\"> opportunity<\/span> linked to a first professional experience in a sector as strategic for Valladolid and for Spain as the hotel and accommodation sector. We are the third generation of a family that has dedicated part of their lives to welcoming people who were passing through Madrid and Valladolid, such as the football teams that visited the Capital, which has allowed us to form part of the history of the Real Madrid Football Club.<\/p>\t\t\t\t\t\t\t\t<\/div>\n\t\t\t\t<\/div>\n\t\t\t\t<\/div>\n\t\t\t\t<div class=\"elementor-element elementor-element-9b7c35e animated-slow elementor-invisible elementor-widget elementor-widget-image\" data-id=\"9b7c35e\" data-element_type=\"widget\" data-e-type=\"widget\" data-settings=\"{&quot;_animation&quot;:&quot;fadeIn&quot;,&quot;_animation_delay&quot;:800}\" data-widget_type=\"image.default\">\n\t\t\t\t<div class=\"elementor-widget-container\">\n\t\t\t\t\t\t\t\t\t\t\t\t\t\t\t<img fetchpriority=\"high\" decoding=\"async\" width=\"1024\" height=\"765\" src=\"https:\/\/hotelescuelasancristobal.com\/wp-content\/uploads\/2024\/09\/pension-aller-HESC.jpg\" class=\"elementor-animation-grow attachment-large size-large wp-image-1209\" alt=\"\" srcset=\"https:\/\/hotelescuelasancristobal.com\/wp-content\/uploads\/2024\/09\/pension-aller-HESC.jpg 1024w, https:\/\/hotelescuelasancristobal.com\/wp-content\/uploads\/2024\/09\/pension-aller-HESC-300x224.jpg 300w, https:\/\/hotelescuelasancristobal.com\/wp-content\/uploads\/2024\/09\/pension-aller-HESC-768x574.jpg 768w\" sizes=\"(max-width: 1024px) 100vw, 1024px\" \/>\t\t\t\t\t\t\t\t\t\t\t\t\t\t\t<\/div>\n\t\t\t\t<\/div>\n\t\t\t\t<\/div>\n\t\t\t\t\t<\/div>\n\t\t\t\t<\/div>\n\t\t<div class=\"elementor-element elementor-element-0c7a719 e-flex e-con-boxed wpr-particle-no wpr-jarallax-no wpr-parallax-no wpr-sticky-section-no wpr-equal-height-no e-con e-parent\" data-id=\"0c7a719\" data-element_type=\"container\" data-e-type=\"container\" data-settings=\"{&quot;background_background&quot;:&quot;classic&quot;}\">\n\t\t\t\t\t<div class=\"e-con-inner\">\n\t\t<div class=\"elementor-element elementor-element-e16bef2 e-grid e-con-full wpr-particle-no wpr-jarallax-no wpr-parallax-no wpr-sticky-section-no wpr-equal-height-no e-con e-child\" data-id=\"e16bef2\" data-element_type=\"container\" data-e-type=\"container\">\n\t\t<div class=\"elementor-element elementor-element-4225f3b e-con-full e-flex wpr-particle-no wpr-jarallax-no wpr-parallax-no wpr-sticky-section-no wpr-equal-height-no e-con e-child\" data-id=\"4225f3b\" data-element_type=\"container\" data-e-type=\"container\">\n\t\t\t\t<div class=\"elementor-element elementor-element-40e4bc5 animated-slow elementor-invisible elementor-widget elementor-widget-text-editor\" data-id=\"40e4bc5\" data-element_type=\"widget\" data-e-type=\"widget\" data-settings=\"{&quot;_animation&quot;:&quot;fadeInUp&quot;,&quot;_animation_delay&quot;:400}\" data-widget_type=\"text-editor.default\">\n\t\t\t\t<div class=\"elementor-widget-container\">\n\t\t\t\t\t\t\t\t\t<p>Hospitality is as much a part of our trajectory as business vision and initiative management, being promoters -together with other entrepreneurs- of the Provincial Association of Hospitality Entrepreneurs of Valladolid and at regional level in Castilla y Le\u00f3n. With the new generation, we have added a strategic perspective, management optimisation through the creation of synergies and orientation towards social impact and the economy of the common good, with the commitment to leave the world a little better than we found it.<\/p>\t\t\t\t\t\t\t\t<\/div>\n\t\t\t\t<\/div>\n\t\t\t\t<div class=\"elementor-element elementor-element-a176b2d animated-slow elementor-invisible elementor-widget elementor-widget-text-editor\" data-id=\"a176b2d\" data-element_type=\"widget\" data-e-type=\"widget\" data-settings=\"{&quot;_animation&quot;:&quot;fadeInUp&quot;,&quot;_animation_delay&quot;:800}\" data-widget_type=\"text-editor.default\">\n\t\t\t\t<div class=\"elementor-widget-container\">\n\t\t\t\t\t\t\t\t\t<p>The year 2020 prompted an acceleration of many of the myco- and marco-changes that were already taking place some time ago, boosting vectors that were incipient and pointed towards a new way of doing things. This innovation also has to do with the way we do business and with how we face new - and not so new - socio-economic, demographic and cultural challenges, and involves weaving collaborative networks between the private sector, the third sector and public administrations to provide answers to complex realities that involve us all here and now and that constitute our legacy to future generations.\n\nTranslated with DeepL.com (free version)<\/p>\t\t\t\t\t\t\t\t<\/div>\n\t\t\t\t<\/div>\n\t\t\t\t<\/div>\n\t\t\t\t<\/div>\n\t\t\t\t\t<\/div>\n\t\t\t\t<\/div>\n\t\t<div class=\"elementor-element elementor-element-c2f462f e-flex e-con-boxed wpr-particle-no wpr-jarallax-no wpr-parallax-no wpr-sticky-section-no wpr-equal-height-no e-con e-parent\" data-id=\"c2f462f\" data-element_type=\"container\" data-e-type=\"container\" data-settings=\"{&quot;background_background&quot;:&quot;classic&quot;}\">\n\t\t\t\t\t<div class=\"e-con-inner\">\n\t\t<div class=\"elementor-element elementor-element-6a99c64 e-con-full e-flex wpr-particle-no wpr-jarallax-no wpr-parallax-no wpr-sticky-section-no wpr-equal-height-no e-con e-child\" data-id=\"6a99c64\" data-element_type=\"container\" data-e-type=\"container\">\n\t\t\t\t<div class=\"elementor-element elementor-element-2f0e6f7 animated-slow elementor-invisible elementor-widget elementor-widget-text-editor\" data-id=\"2f0e6f7\" data-element_type=\"widget\" data-e-type=\"widget\" data-settings=\"{&quot;_animation&quot;:&quot;fadeInUp&quot;,&quot;_animation_delay&quot;:400}\" data-widget_type=\"text-editor.default\">\n\t\t\t\t<div class=\"elementor-widget-container\">\n\t\t\t\t\t\t\t\t\t<p>The Hotel Escuela was created as a space in which to build alliances and strengthen synergies with all the social agents that join forces to create opportunities for young people and people in vulnerable situations, promoting initiatives around three axes:<\/p>\t\t\t\t\t\t\t\t<\/div>\n\t\t\t\t<\/div>\n\t\t<div class=\"elementor-element elementor-element-55de487 e-grid e-con-full wpr-particle-no wpr-jarallax-no wpr-parallax-no wpr-sticky-section-no wpr-equal-height-no e-con e-child\" data-id=\"55de487\" data-element_type=\"container\" data-e-type=\"container\">\n\t\t\t\t<div class=\"elementor-element elementor-element-1bb5bc0 animated-slow elementor-invisible elementor-widget elementor-widget-image\" data-id=\"1bb5bc0\" data-element_type=\"widget\" data-e-type=\"widget\" data-settings=\"{&quot;_animation&quot;:&quot;fadeInLeft&quot;,&quot;_animation_delay&quot;:1500}\" data-widget_type=\"image.default\">\n\t\t\t\t<div class=\"elementor-widget-container\">\n\t\t\t\t\t\t\t\t\t\t\t\t\t\t\t<img decoding=\"async\" width=\"1024\" height=\"683\" src=\"https:\/\/hotelescuelasancristobal.com\/wp-content\/uploads\/2024\/11\/decoracion-habitacion-hotel-1024x683.jpg\" class=\"elementor-animation-float attachment-large size-large wp-image-2019\" alt=\"\" srcset=\"https:\/\/hotelescuelasancristobal.com\/wp-content\/uploads\/2024\/11\/decoracion-habitacion-hotel-1024x683.jpg 1024w, https:\/\/hotelescuelasancristobal.com\/wp-content\/uploads\/2024\/11\/decoracion-habitacion-hotel-300x200.jpg 300w, https:\/\/hotelescuelasancristobal.com\/wp-content\/uploads\/2024\/11\/decoracion-habitacion-hotel-768x512.jpg 768w, https:\/\/hotelescuelasancristobal.com\/wp-content\/uploads\/2024\/11\/decoracion-habitacion-hotel.jpg 1380w\" sizes=\"(max-width: 1024px) 100vw, 1024px\" \/>\t\t\t\t\t\t\t\t\t\t\t\t\t\t\t<\/div>\n\t\t\t\t<\/div>\n\t\t\t\t<div class=\"elementor-element elementor-element-49ff80e ht-nuestra-historia animated-slow elementor-icon-list--layout-traditional elementor-list-item-link-full_width elementor-invisible elementor-widget elementor-widget-icon-list\" data-id=\"49ff80e\" data-element_type=\"widget\" data-e-type=\"widget\" data-settings=\"{&quot;_animation&quot;:&quot;fadeInRight&quot;,&quot;_animation_delay&quot;:1500}\" data-widget_type=\"icon-list.default\">\n\t\t\t\t<div class=\"elementor-widget-container\">\n\t\t\t\t\t\t\t<ul class=\"elementor-icon-list-items\">\n\t\t\t\t\t\t\t<li class=\"elementor-icon-list-item\">\n\t\t\t\t\t\t\t\t\t\t\t<span class=\"elementor-icon-list-icon\">\n\t\t\t\t\t\t\t<svg aria-hidden=\"true\" class=\"e-font-icon-svg e-fas-chevron-right\" viewbox=\"0 0 320 512\" xmlns=\"http:\/\/www.w3.org\/2000\/svg\"><path d=\"M285.476 272.971L91.132 467.314c-9.373 9.373-24.569 9.373-33.941 0l-22.667-22.667c-9.357-9.357-9.375-24.522-.04-33.901L188.505 256 34.484 101.255c-9.335-9.379-9.317-24.544.04-33.901l22.667-22.667c9.373-9.373 24.569-9.373 33.941 0L285.475 239.03c9.373 9.372 9.373 24.568.001 33.941z\"><\/path><\/svg>\t\t\t\t\t\t<\/span>\n\t\t\t\t\t\t\t\t\t\t<span class=\"elementor-icon-list-text\">The training of future professionals<\/span>\n\t\t\t\t\t\t\t\t\t<\/li>\n\t\t\t\t\t\t\t\t<li class=\"elementor-icon-list-item\">\n\t\t\t\t\t\t\t\t\t\t\t<span class=\"elementor-icon-list-icon\">\n\t\t\t\t\t\t\t<svg aria-hidden=\"true\" class=\"e-font-icon-svg e-fas-chevron-right\" viewbox=\"0 0 320 512\" xmlns=\"http:\/\/www.w3.org\/2000\/svg\"><path d=\"M285.476 272.971L91.132 467.314c-9.373 9.373-24.569 9.373-33.941 0l-22.667-22.667c-9.357-9.357-9.375-24.522-.04-33.901L188.505 256 34.484 101.255c-9.335-9.379-9.317-24.544.04-33.901l22.667-22.667c9.373-9.373 24.569-9.373 33.941 0L285.475 239.03c9.373 9.372 9.373 24.568.001 33.941z\"><\/path><\/svg>\t\t\t\t\t\t<\/span>\n\t\t\t\t\t\t\t\t\t\t<span class=\"elementor-icon-list-text\">Strengthening the business fabric linked to the hotel and accommodation sector. <\/span>\n\t\t\t\t\t\t\t\t\t<\/li>\n\t\t\t\t\t\t\t\t<li class=\"elementor-icon-list-item\">\n\t\t\t\t\t\t\t\t\t\t\t<span class=\"elementor-icon-list-icon\">\n\t\t\t\t\t\t\t<svg aria-hidden=\"true\" class=\"e-font-icon-svg e-fas-chevron-right\" viewbox=\"0 0 320 512\" xmlns=\"http:\/\/www.w3.org\/2000\/svg\"><path d=\"M285.476 272.971L91.132 467.314c-9.373 9.373-24.569 9.373-33.941 0l-22.667-22.667c-9.357-9.357-9.375-24.522-.04-33.901L188.505 256 34.484 101.255c-9.335-9.379-9.317-24.544.04-33.901l22.667-22.667c9.373-9.373 24.569-9.373 33.941 0L285.475 239.03c9.373 9.372 9.373 24.568.001 33.941z\"><\/path><\/svg>\t\t\t\t\t\t<\/span>\n\t\t\t\t\t\t\t\t\t\t<span class=\"elementor-icon-list-text\">The creation of communicating vessels between learning and professional environments, facilitating socio-occupational insertion in conjunction with the efforts of other political, social and economic actors.<\/span>\n\t\t\t\t\t\t\t\t\t<\/li>\n\t\t\t\t\t\t<\/ul>\n\t\t\t\t\t\t<\/div>\n\t\t\t\t<\/div>\n\t\t\t\t<\/div>\n\t\t\t\t<\/div>\n\t\t\t\t<div class=\"elementor-element elementor-element-baa88af animated-slow elementor-invisible elementor-widget elementor-widget-text-editor\" data-id=\"baa88af\" data-element_type=\"widget\" data-e-type=\"widget\" data-settings=\"{&quot;_animation&quot;:&quot;fadeInUp&quot;,&quot;_animation_delay&quot;:1000}\" data-widget_type=\"text-editor.default\">\n\t\t\t\t<div class=\"elementor-widget-container\">\n\t\t\t\t\t\t\t\t\t<p>With this intention, we became the first Hotel Escuela in Valladolid and its province and we aspire to generate an effective working model that can be developed and adapted in other contexts, while strengthening the sustainability of the project through the entrepreneurial vision.<\/p>\t\t\t\t\t\t\t\t<\/div>\n\t\t\t\t<\/div>\n\t\t\t\t\t<\/div>\n\t\t\t\t<\/div>\n\t\t\t\t<\/div>","protected":false},"excerpt":{"rendered":"<p>Nuestra Historia Somos Hotel, somos Escuela, somos Familia Conoce nuestra historia El Hotel Escuela San Crist\u00f3bal (HESC) es una iniciativa del instituto de innovaci\u00f3n, desarrollo e impacto social (iidis) y liderada por Tom\u00e1s Aller Floreancig con el objetivo de desarrollar un proyecto de formaci\u00f3n en centros de trabajo que se constituya en una fuente de oportunidades para todas aquellas personas que necesitan adquirir, desarrollar y afianzar sus competencias personales, interpersonales y profesionales para poder comprometerse con su autonom\u00eda y su futuro. Con car\u00e1cter prioritario, la misi\u00f3n del Hotel Escuela San Crist\u00f3bal se orienta hacia los j\u00f3venes y adolescentes necesitados de protecci\u00f3n y las personas en situaci\u00f3n de vulnerabilidad. Desde la plataforma del Hotel Escuela queremos dar una oportunidad de formaci\u00f3n vinculada a una primera experiencia profesional dentro de un sector tan estrat\u00e9gico para Valladolid y para Espa\u00f1a como lo son la hosteler\u00eda y el alojamiento. Somos la tercera generaci\u00f3n de una familia que ha dedicado parte de sus vidas a acoger a personas que estaban de paso por Madrid y Valladolid, como los equipos de f\u00fatbol que visitaban la Capital, lo cual nos ha valido formar parte de la historia del Club de F\u00fatbol Real Madrid. La hospitalidad forma parte de nuestra trayectoria de igual manera que la visi\u00f3n empresarial y la gesti\u00f3n de iniciativas, siendo promotores -junto a otros emprendedores- de la Asociaci\u00f3n Provincial de Empresarios de Hosteler\u00eda de Valladolid\u00a0 y a nivel regional en Castilla y Le\u00f3n. Con la nueva generaci\u00f3n se a\u00f1ade la perspectiva estrat\u00e9gica, la optimizaci\u00f3n de la gesti\u00f3n mediante la creaci\u00f3n de sinergias y la orientaci\u00f3n hacia el impacto social y la econom\u00eda del bien com\u00fan, con el compromiso de dejar el mundo un poco mejor de lo que nos lo encontramos. El a\u00f1o 2020 motiv\u00f3 una aceleraci\u00f3n de muchos de los mico y marco-cambios que ya estaban sucediendo desde tiempo atr\u00e1s, potenciando vectores que eran incipientes y que apuntaban hacia una nueva forma de hacer las cosas. Esta innovaci\u00f3n tiene que ver tambi\u00e9n con la forma de hacer negocios y con c\u00f3mo se afrontan los nuevos -y no tan nuevos- retos socio-econ\u00f3micos, demogr\u00e1ficos y culturales y pasa por tejer redes de colaboraci\u00f3n entre el sector privado, el tercer sector y las administraciones p\u00fablicas para dar respuestas a realidades complejas que nos implican a todos aqu\u00ed y ahora y que constituyen nuestro legado a las futuras generaciones. El Hotel Escuela nace como un espacio en el que construir alianzas y fortalecer sinergias con todos los agentes sociales que suman sus esfuerzos para crear oportunidades para los m\u00e1s j\u00f3venes y las personas en situaci\u00f3n de vulnerabilidad, dinamizando iniciativas en torno a tres ejes: La formaci\u00f3n de futuros profesionales El fortalecimiento del tejido empresarial vinculado a la hosteler\u00eda y el alojamiento La creaci\u00f3n de vasos comunicantes entre los \u00e1mbitos de aprendizaje y entornos profesionales, facilitando la inserci\u00f3n socio-laboral en conjunci\u00f3n con el esfuerzo de otros actores pol\u00edticos, sociales y econ\u00f3micos Con esta intenci\u00f3n nos constituimos en el primer Hotel Escuela de Valladolid y su provincia y aspiramos a generar un modelo de trabajo eficaz que pueda ser desarrollado y adaptado en otros contextos, al tiempo que afianzamos la sostenibilidad del proyecto a trav\u00e9s de la visi\u00f3n empresarial.<\/p>","protected":false},"author":1,"featured_media":0,"parent":0,"menu_order":0,"comment_status":"closed","ping_status":"closed","template":"","meta":{"_kadence_starter_templates_imported_post":true,"_kad_post_transparent":"default","_kad_post_title":"default","_kad_post_layout":"fullwidth","_kad_post_sidebar_id":"","_kad_post_content_style":"unboxed","_kad_post_vertical_padding":"hide","_kad_post_feature":"hide","_kad_post_feature_position":"","_kad_post_header":false,"_kad_post_footer":false,"_kad_post_classname":"","footnotes":""},"class_list":["post-1177","page","type-page","status-publish","hentry"],"featured_media_urls":[],"_links":{"self":[{"href":"https:\/\/hotelescuelasancristobal.com\/en\/wp-json\/wp\/v2\/pages\/1177","targetHints":{"allow":["GET"]}}],"collection":[{"href":"https:\/\/hotelescuelasancristobal.com\/en\/wp-json\/wp\/v2\/pages"}],"about":[{"href":"https:\/\/hotelescuelasancristobal.com\/en\/wp-json\/wp\/v2\/types\/page"}],"author":[{"embeddable":true,"href":"https:\/\/hotelescuelasancristobal.com\/en\/wp-json\/wp\/v2\/users\/1"}],"replies":[{"embeddable":true,"href":"https:\/\/hotelescuelasancristobal.com\/en\/wp-json\/wp\/v2\/comments?post=1177"}],"version-history":[{"count":149,"href":"https:\/\/hotelescuelasancristobal.com\/en\/wp-json\/wp\/v2\/pages\/1177\/revisions"}],"predecessor-version":[{"id":2324,"href":"https:\/\/hotelescuelasancristobal.com\/en\/wp-json\/wp\/v2\/pages\/1177\/revisions\/2324"}],"wp:attachment":[{"href":"https:\/\/hotelescuelasancristobal.com\/en\/wp-json\/wp\/v2\/media?parent=1177"}],"curies":[{"name":"wp","href":"https:\/\/api.w.org\/{rel}","templated":true}]}}